{"id":9307,"date":"2022-02-02T11:33:09","date_gmt":"2022-02-02T10:33:09","guid":{"rendered":"https:\/\/www.violaine-ulmer.com\/boutique\/?post_type=product&#038;p=9307"},"modified":"2024-12-17T20:29:18","modified_gmt":"2024-12-17T19:29:18","slug":"chevalieres-cailloux-noirs-t56","status":"publish","type":"product","link":"https:\/\/www.violaine-ulmer.com\/boutique\/produit\/chevalieres-cailloux-noirs-t56\/","title":{"rendered":"chevali\u00e8res cailloux noirs T56"},"content":{"rendered":"<p>chevali\u00e8res taille 56<br \/>\nmerci de pr\u00e9ciser \u00e0 la commande \u00ab\u00a0premi\u00e8re, seconde ou troisi\u00e8me\u00a0\u00bb en partant de la gauche<\/p>\n","protected":false},"excerpt":{"rendered":"<p>chevali\u00e8re porcelaine \u00e9maill\u00e9e et petits cailloux de silice noire<\/p>\n","protected":false},"featured_media":9308,"template":"","meta":{"_acf_changed":false},"product_brand":[],"product_cat":[59],"product_tag":[154],"class_list":{"0":"post-9307","1":"product","2":"type-product","3":"status-publish","4":"has-post-thumbnail","6":"product_cat-bagues","7":"product_tag-noir","9":"first","10":"outofstock","11":"shipping-taxable","12":"purchasable","13":"product-type-simple","15":"catalog-layout-full-bg","16":"columns-xs-1"},"acf":[],"_links":{"self":[{"href":"https:\/\/www.violaine-ulmer.com\/boutique\/wp-json\/wp\/v2\/product\/9307","targetHints":{"allow":["GET"]}}],"collection":[{"href":"https:\/\/www.violaine-ulmer.com\/boutique\/wp-json\/wp\/v2\/product"}],"about":[{"href":"https:\/\/www.violaine-ulmer.com\/boutique\/wp-json\/wp\/v2\/types\/product"}],"wp:featuredmedia":[{"embeddable":true,"href":"https:\/\/www.violaine-ulmer.com\/boutique\/wp-json\/wp\/v2\/media\/9308"}],"wp:attachment":[{"href":"https:\/\/www.violaine-ulmer.com\/boutique\/wp-json\/wp\/v2\/media?parent=9307"}],"wp:term":[{"taxonomy":"product_brand","embeddable":true,"href":"https:\/\/www.violaine-ulmer.com\/boutique\/wp-json\/wp\/v2\/product_brand?post=9307"},{"taxonomy":"product_cat","embeddable":true,"href":"https:\/\/www.violaine-ulmer.com\/boutique\/wp-json\/wp\/v2\/product_cat?post=9307"},{"taxonomy":"product_tag","embeddable":true,"href":"https:\/\/www.violaine-ulmer.com\/boutique\/wp-json\/wp\/v2\/product_tag?post=9307"}],"curies":[{"name":"wp","href":"https:\/\/api.w.org\/{rel}","templated":true}]}}