{"id":8943,"date":"2021-12-01T13:27:58","date_gmt":"2021-12-01T12:27:58","guid":{"rendered":"https:\/\/www.violaine-ulmer.com\/boutique\/produit\/bague-estelle-copy\/"},"modified":"2025-11-05T17:13:31","modified_gmt":"2025-11-05T16:13:31","slug":"bague-duo-or-argent","status":"publish","type":"product","link":"https:\/\/www.violaine-ulmer.com\/boutique\/produit\/bague-duo-or-argent\/","title":{"rendered":"Bague duo or\/argent"},"content":{"rendered":"<p>Duo argent 925 et or rose 9 carats.<br \/>\nFabriqu\u00e9e \u00e0 la taille demand\u00e9e<\/p>\n","protected":false},"excerpt":{"rendered":"<p>Une bague double or\/argent \u00e0 porter seule ou en duo.<\/p>\n","protected":false},"featured_media":8942,"template":"","meta":{"_acf_changed":false},"product_brand":[],"product_cat":[59],"product_tag":[132],"class_list":{"0":"post-8943","1":"product","2":"type-product","3":"status-publish","4":"has-post-thumbnail","6":"product_cat-bagues","7":"product_tag-argent","9":"first","10":"instock","11":"shipping-taxable","12":"purchasable","13":"product-type-simple","15":"catalog-layout-full-bg","16":"columns-xs-1"},"acf":[],"_links":{"self":[{"href":"https:\/\/www.violaine-ulmer.com\/boutique\/wp-json\/wp\/v2\/product\/8943","targetHints":{"allow":["GET"]}}],"collection":[{"href":"https:\/\/www.violaine-ulmer.com\/boutique\/wp-json\/wp\/v2\/product"}],"about":[{"href":"https:\/\/www.violaine-ulmer.com\/boutique\/wp-json\/wp\/v2\/types\/product"}],"wp:featuredmedia":[{"embeddable":true,"href":"https:\/\/www.violaine-ulmer.com\/boutique\/wp-json\/wp\/v2\/media\/8942"}],"wp:attachment":[{"href":"https:\/\/www.violaine-ulmer.com\/boutique\/wp-json\/wp\/v2\/media?parent=8943"}],"wp:term":[{"taxonomy":"product_brand","embeddable":true,"href":"https:\/\/www.violaine-ulmer.com\/boutique\/wp-json\/wp\/v2\/product_brand?post=8943"},{"taxonomy":"product_cat","embeddable":true,"href":"https:\/\/www.violaine-ulmer.com\/boutique\/wp-json\/wp\/v2\/product_cat?post=8943"},{"taxonomy":"product_tag","embeddable":true,"href":"https:\/\/www.violaine-ulmer.com\/boutique\/wp-json\/wp\/v2\/product_tag?post=8943"}],"curies":[{"name":"wp","href":"https:\/\/api.w.org\/{rel}","templated":true}]}}