{"id":8593,"date":"2021-08-22T07:21:19","date_gmt":"2021-08-22T06:21:19","guid":{"rendered":"https:\/\/www.violaine-ulmer.com\/boutique\/?post_type=product&#038;p=8593"},"modified":"2022-10-24T10:47:00","modified_gmt":"2022-10-24T09:47:00","slug":"collier-cdp-rose-v2","status":"publish","type":"product","link":"https:\/\/www.violaine-ulmer.com\/boutique\/produit\/collier-cdp-rose-v2\/","title":{"rendered":"Collier CDP rose V2"},"content":{"rendered":"<p>longueur : environ 100 cm<\/p>\n","protected":false},"excerpt":{"rendered":"<p>Collier en tubes de porcelaine \u00e9maill\u00e9e dans les tons de rose, mont\u00e9s sur un lien de feutre de laine gris.<\/p>\n","protected":false},"featured_media":8589,"template":"","meta":{"_acf_changed":false},"product_brand":[],"product_cat":[61],"product_tag":[130],"class_list":{"0":"post-8593","1":"product","2":"type-product","3":"status-publish","4":"has-post-thumbnail","6":"product_cat-colliers","7":"product_tag-porcelaine","9":"first","10":"instock","11":"shipping-taxable","12":"purchasable","13":"product-type-simple","15":"catalog-layout-full-bg","16":"columns-xs-1"},"acf":[],"_links":{"self":[{"href":"https:\/\/www.violaine-ulmer.com\/boutique\/wp-json\/wp\/v2\/product\/8593","targetHints":{"allow":["GET"]}}],"collection":[{"href":"https:\/\/www.violaine-ulmer.com\/boutique\/wp-json\/wp\/v2\/product"}],"about":[{"href":"https:\/\/www.violaine-ulmer.com\/boutique\/wp-json\/wp\/v2\/types\/product"}],"wp:featuredmedia":[{"embeddable":true,"href":"https:\/\/www.violaine-ulmer.com\/boutique\/wp-json\/wp\/v2\/media\/8589"}],"wp:attachment":[{"href":"https:\/\/www.violaine-ulmer.com\/boutique\/wp-json\/wp\/v2\/media?parent=8593"}],"wp:term":[{"taxonomy":"product_brand","embeddable":true,"href":"https:\/\/www.violaine-ulmer.com\/boutique\/wp-json\/wp\/v2\/product_brand?post=8593"},{"taxonomy":"product_cat","embeddable":true,"href":"https:\/\/www.violaine-ulmer.com\/boutique\/wp-json\/wp\/v2\/product_cat?post=8593"},{"taxonomy":"product_tag","embeddable":true,"href":"https:\/\/www.violaine-ulmer.com\/boutique\/wp-json\/wp\/v2\/product_tag?post=8593"}],"curies":[{"name":"wp","href":"https:\/\/api.w.org\/{rel}","templated":true}]}}