{"id":8557,"date":"2021-08-08T09:47:25","date_gmt":"2021-08-08T08:47:25","guid":{"rendered":"https:\/\/www.violaine-ulmer.com\/boutique\/produit\/collier-craie-4-copy\/"},"modified":"2022-10-24T10:53:09","modified_gmt":"2022-10-24T09:53:09","slug":"collier-craie-5","status":"publish","type":"product","link":"https:\/\/www.violaine-ulmer.com\/boutique\/produit\/collier-craie-5\/","title":{"rendered":"collier craie 5"},"content":{"rendered":"<p>longueur totale du collier 80 cm<br \/>\npoids : 80 gr<\/p>\n","protected":false},"excerpt":{"rendered":"<p>collier de perles de porcelaine gr\u00e8ge \u00e9maill\u00e9e gris et rose<\/p>\n","protected":false},"featured_media":8534,"template":"","meta":{"_acf_changed":false},"product_brand":[],"product_cat":[58,61],"product_tag":[130],"class_list":{"0":"post-8557","1":"product","2":"type-product","3":"status-publish","4":"has-post-thumbnail","6":"product_cat-bijoux","7":"product_cat-colliers","8":"product_tag-porcelaine","10":"first","11":"instock","12":"shipping-taxable","13":"purchasable","14":"product-type-simple","16":"catalog-layout-full-bg","17":"columns-xs-1"},"acf":[],"_links":{"self":[{"href":"https:\/\/www.violaine-ulmer.com\/boutique\/wp-json\/wp\/v2\/product\/8557","targetHints":{"allow":["GET"]}}],"collection":[{"href":"https:\/\/www.violaine-ulmer.com\/boutique\/wp-json\/wp\/v2\/product"}],"about":[{"href":"https:\/\/www.violaine-ulmer.com\/boutique\/wp-json\/wp\/v2\/types\/product"}],"wp:featuredmedia":[{"embeddable":true,"href":"https:\/\/www.violaine-ulmer.com\/boutique\/wp-json\/wp\/v2\/media\/8534"}],"wp:attachment":[{"href":"https:\/\/www.violaine-ulmer.com\/boutique\/wp-json\/wp\/v2\/media?parent=8557"}],"wp:term":[{"taxonomy":"product_brand","embeddable":true,"href":"https:\/\/www.violaine-ulmer.com\/boutique\/wp-json\/wp\/v2\/product_brand?post=8557"},{"taxonomy":"product_cat","embeddable":true,"href":"https:\/\/www.violaine-ulmer.com\/boutique\/wp-json\/wp\/v2\/product_cat?post=8557"},{"taxonomy":"product_tag","embeddable":true,"href":"https:\/\/www.violaine-ulmer.com\/boutique\/wp-json\/wp\/v2\/product_tag?post=8557"}],"curies":[{"name":"wp","href":"https:\/\/api.w.org\/{rel}","templated":true}]}}