{"id":8154,"date":"2021-06-01T20:10:44","date_gmt":"2021-06-01T19:10:44","guid":{"rendered":"https:\/\/www.violaine-ulmer.com\/boutique\/?post_type=product&#038;p=8154"},"modified":"2025-02-02T08:03:16","modified_gmt":"2025-02-02T07:03:16","slug":"bo-pink-4-2","status":"publish","type":"product","link":"https:\/\/www.violaine-ulmer.com\/boutique\/produit\/bo-pink-4-2\/","title":{"rendered":"BO pink 4"},"content":{"rendered":"<p>Boucles d&rsquo;oreilles porcelaine rose \u00e9maill\u00e9e rose mat, et argent massif.<br \/>\nlongueur totale de la boucle : 4,5 cm<br \/>\ndiam\u00e8tre de la boule : 1,5 cm<br \/>\n2 versions \u00e0 peu pr\u00e8s identiques<\/p>\n","protected":false},"excerpt":{"rendered":"<p>une sph\u00e8re de porcelaine \u00e9maill\u00e9e mont\u00e9e sur une tige en argent massif.<\/p>\n","protected":false},"featured_media":12146,"template":"","meta":{"_acf_changed":false},"product_brand":[],"product_cat":[60],"product_tag":[130],"class_list":{"0":"post-8154","1":"product","2":"type-product","3":"status-publish","4":"has-post-thumbnail","6":"product_cat-boucles","7":"product_tag-porcelaine","9":"first","10":"instock","11":"shipping-taxable","12":"purchasable","13":"product-type-simple","15":"catalog-layout-full-bg","16":"columns-xs-1"},"acf":[],"_links":{"self":[{"href":"https:\/\/www.violaine-ulmer.com\/boutique\/wp-json\/wp\/v2\/product\/8154","targetHints":{"allow":["GET"]}}],"collection":[{"href":"https:\/\/www.violaine-ulmer.com\/boutique\/wp-json\/wp\/v2\/product"}],"about":[{"href":"https:\/\/www.violaine-ulmer.com\/boutique\/wp-json\/wp\/v2\/types\/product"}],"wp:featuredmedia":[{"embeddable":true,"href":"https:\/\/www.violaine-ulmer.com\/boutique\/wp-json\/wp\/v2\/media\/12146"}],"wp:attachment":[{"href":"https:\/\/www.violaine-ulmer.com\/boutique\/wp-json\/wp\/v2\/media?parent=8154"}],"wp:term":[{"taxonomy":"product_brand","embeddable":true,"href":"https:\/\/www.violaine-ulmer.com\/boutique\/wp-json\/wp\/v2\/product_brand?post=8154"},{"taxonomy":"product_cat","embeddable":true,"href":"https:\/\/www.violaine-ulmer.com\/boutique\/wp-json\/wp\/v2\/product_cat?post=8154"},{"taxonomy":"product_tag","embeddable":true,"href":"https:\/\/www.violaine-ulmer.com\/boutique\/wp-json\/wp\/v2\/product_tag?post=8154"}],"curies":[{"name":"wp","href":"https:\/\/api.w.org\/{rel}","templated":true}]}}