{"id":8153,"date":"2021-06-01T20:04:48","date_gmt":"2021-06-01T19:04:48","guid":{"rendered":"https:\/\/www.violaine-ulmer.com\/boutique\/produit\/bo-pink-3-copy\/"},"modified":"2025-02-02T08:01:57","modified_gmt":"2025-02-02T07:01:57","slug":"bo-pink-3-2","status":"publish","type":"product","link":"https:\/\/www.violaine-ulmer.com\/boutique\/produit\/bo-pink-3-2\/","title":{"rendered":"BO pink 3"},"content":{"rendered":"<p>Boucles d&rsquo;oreilles porcelaine rose \u00e9maill\u00e9e rose brillant et rose mat, et argent massif.<br \/>\nune petite perle d&rsquo;argent finalise la boucle.<br \/>\nlongueur totale de la boucle : 4 cm environ<br \/>\ndiam\u00e8tre des 1\/2 sph\u00e8res : 1,5 cm et 1 cm environ<\/p>\n","protected":false},"excerpt":{"rendered":"<p>2 demi-sph\u00e8res de porcelaine \u00e9maill\u00e9e sont mont\u00e9es sur des tiges en argent massif.<\/p>\n","protected":false},"featured_media":12200,"template":"","meta":{"_acf_changed":false},"product_brand":[],"product_cat":[60],"product_tag":[130],"class_list":{"0":"post-8153","1":"product","2":"type-product","3":"status-publish","4":"has-post-thumbnail","6":"product_cat-boucles","7":"product_tag-porcelaine","9":"first","10":"instock","11":"shipping-taxable","12":"purchasable","13":"product-type-simple","15":"catalog-layout-full-bg","16":"columns-xs-1"},"acf":[],"_links":{"self":[{"href":"https:\/\/www.violaine-ulmer.com\/boutique\/wp-json\/wp\/v2\/product\/8153","targetHints":{"allow":["GET"]}}],"collection":[{"href":"https:\/\/www.violaine-ulmer.com\/boutique\/wp-json\/wp\/v2\/product"}],"about":[{"href":"https:\/\/www.violaine-ulmer.com\/boutique\/wp-json\/wp\/v2\/types\/product"}],"wp:featuredmedia":[{"embeddable":true,"href":"https:\/\/www.violaine-ulmer.com\/boutique\/wp-json\/wp\/v2\/media\/12200"}],"wp:attachment":[{"href":"https:\/\/www.violaine-ulmer.com\/boutique\/wp-json\/wp\/v2\/media?parent=8153"}],"wp:term":[{"taxonomy":"product_brand","embeddable":true,"href":"https:\/\/www.violaine-ulmer.com\/boutique\/wp-json\/wp\/v2\/product_brand?post=8153"},{"taxonomy":"product_cat","embeddable":true,"href":"https:\/\/www.violaine-ulmer.com\/boutique\/wp-json\/wp\/v2\/product_cat?post=8153"},{"taxonomy":"product_tag","embeddable":true,"href":"https:\/\/www.violaine-ulmer.com\/boutique\/wp-json\/wp\/v2\/product_tag?post=8153"}],"curies":[{"name":"wp","href":"https:\/\/api.w.org\/{rel}","templated":true}]}}