{"id":7979,"date":"2021-05-19T20:12:17","date_gmt":"2021-05-19T19:12:17","guid":{"rendered":"https:\/\/www.violaine-ulmer.com\/boutique\/?post_type=product&#038;p=7979"},"modified":"2025-11-05T16:59:52","modified_gmt":"2025-11-05T15:59:52","slug":"dormeuse-boule-maille-v2","status":"publish","type":"product","link":"https:\/\/www.violaine-ulmer.com\/boutique\/produit\/dormeuse-boule-maille-v2\/","title":{"rendered":"dormeuse Boule Maille V2"},"content":{"rendered":"<p>Des boucles qui se caract\u00e9risent par leur d\u00e9licatesse.<br \/>\nun seul exemplaire en stock<\/p>\n","protected":false},"excerpt":{"rendered":"<p>Une boule en maille d&rsquo;argent est ins\u00e9r\u00e9e dans une cupule d&rsquo;argent, et mont\u00e9e sur une dormeuse en argent massif.<\/p>\n","protected":false},"featured_media":7944,"template":"","meta":{"_acf_changed":false},"product_brand":[],"product_cat":[60],"product_tag":[132],"class_list":{"0":"post-7979","1":"product","2":"type-product","3":"status-publish","4":"has-post-thumbnail","6":"product_cat-boucles","7":"product_tag-argent","9":"first","10":"outofstock","11":"shipping-taxable","12":"purchasable","13":"product-type-simple","15":"catalog-layout-full-bg","16":"columns-xs-1"},"acf":[],"_links":{"self":[{"href":"https:\/\/www.violaine-ulmer.com\/boutique\/wp-json\/wp\/v2\/product\/7979","targetHints":{"allow":["GET"]}}],"collection":[{"href":"https:\/\/www.violaine-ulmer.com\/boutique\/wp-json\/wp\/v2\/product"}],"about":[{"href":"https:\/\/www.violaine-ulmer.com\/boutique\/wp-json\/wp\/v2\/types\/product"}],"wp:featuredmedia":[{"embeddable":true,"href":"https:\/\/www.violaine-ulmer.com\/boutique\/wp-json\/wp\/v2\/media\/7944"}],"wp:attachment":[{"href":"https:\/\/www.violaine-ulmer.com\/boutique\/wp-json\/wp\/v2\/media?parent=7979"}],"wp:term":[{"taxonomy":"product_brand","embeddable":true,"href":"https:\/\/www.violaine-ulmer.com\/boutique\/wp-json\/wp\/v2\/product_brand?post=7979"},{"taxonomy":"product_cat","embeddable":true,"href":"https:\/\/www.violaine-ulmer.com\/boutique\/wp-json\/wp\/v2\/product_cat?post=7979"},{"taxonomy":"product_tag","embeddable":true,"href":"https:\/\/www.violaine-ulmer.com\/boutique\/wp-json\/wp\/v2\/product_tag?post=7979"}],"curies":[{"name":"wp","href":"https:\/\/api.w.org\/{rel}","templated":true}]}}