{"id":7145,"date":"2021-03-02T20:41:04","date_gmt":"2021-03-02T19:41:04","guid":{"rendered":"https:\/\/www.violaine-ulmer.com\/boutique\/produit\/chevalieres-gres-copy\/"},"modified":"2021-09-20T13:27:16","modified_gmt":"2021-09-20T12:27:16","slug":"chevalieres-porcelaine-blanc-noir","status":"publish","type":"product","link":"https:\/\/www.violaine-ulmer.com\/boutique\/produit\/chevalieres-porcelaine-blanc-noir\/","title":{"rendered":"Chevali\u00e8res porcelaine blanc &#8211; noir"},"content":{"rendered":"<p><span style=\"color: #333333\">Chaque pi\u00e8ce est unique, tant par sa forme que sa facture, son \u00e9maillage.<\/span><\/p>\n<p><span style=\"color: #333333\">Pour choisir une bague, rendez-vous sur la page suivante, toutes les pi\u00e8ces actuellement disponibles y sont : <\/span><a href=\"https:\/\/www.violaine-ulmer.com\/boutique\/chevalieres-porcelaine-blanc-noires\/\"><span style=\"color: #0000ff\">www.violaine-ulmer.com\/boutique\/chevalieres-porcelaine-blanc-noires\/<\/span><\/a><\/p>\n<p><span style=\"color: #333333\">Au dessus des photos, \u00e0 droite, vous trouvez un petit menu pour faire un choix par taille ou par prix.<\/span><\/p>\n<p><span style=\"color: #333333\">Quand vous cliquez sur une bague, la photo s&rsquo;ouvre en grand et vous avez d&rsquo;autres vues sur la m\u00eame pi\u00e8ce.<\/span><\/p>\n<p><span style=\"color: #333333\">Les chevali\u00e8res sont les seules pi\u00e8ces qui ne peuvent \u00eatre directement achet\u00e9es sur la boutique ; si vous souhaitez acqu\u00e9rir une chevali\u00e8re, rep\u00e9rer sa r\u00e9f\u00e9rence, et contactez-nous par mail ou t\u00e9l\u00e9phone. <\/span><\/p>\n<p><span style=\"color: #333333\">(pour les tailles, se r\u00e9f\u00e9rer \u00e0 l&rsquo;article suivant : <span style=\"color: #0000ff\"><a style=\"color: #0000ff\" href=\"https:\/\/www.violaine-ulmer.com\/questions-reponses\/taille-de-doigt\/\">www.violaine-ulmer.com\/questions-reponses\/taille-de-doigt\/<\/a><\/span>)<\/span><\/p>\n","protected":false},"excerpt":{"rendered":"<p>Chevali\u00e8res en porcelaine \u00e9maill\u00e9e rehauss\u00e9e d&rsquo;or.<\/p>\n","protected":false},"featured_media":0,"template":"","meta":{"_acf_changed":false},"product_brand":[],"product_cat":[59],"product_tag":[],"class_list":{"0":"post-7145","1":"product","2":"type-product","3":"status-publish","5":"product_cat-bagues","7":"first","8":"instock","9":"shipping-taxable","10":"purchasable","11":"product-type-simple","13":"catalog-layout-full-bg","14":"columns-xs-1"},"acf":[],"_links":{"self":[{"href":"https:\/\/www.violaine-ulmer.com\/boutique\/wp-json\/wp\/v2\/product\/7145","targetHints":{"allow":["GET"]}}],"collection":[{"href":"https:\/\/www.violaine-ulmer.com\/boutique\/wp-json\/wp\/v2\/product"}],"about":[{"href":"https:\/\/www.violaine-ulmer.com\/boutique\/wp-json\/wp\/v2\/types\/product"}],"wp:attachment":[{"href":"https:\/\/www.violaine-ulmer.com\/boutique\/wp-json\/wp\/v2\/media?parent=7145"}],"wp:term":[{"taxonomy":"product_brand","embeddable":true,"href":"https:\/\/www.violaine-ulmer.com\/boutique\/wp-json\/wp\/v2\/product_brand?post=7145"},{"taxonomy":"product_cat","embeddable":true,"href":"https:\/\/www.violaine-ulmer.com\/boutique\/wp-json\/wp\/v2\/product_cat?post=7145"},{"taxonomy":"product_tag","embeddable":true,"href":"https:\/\/www.violaine-ulmer.com\/boutique\/wp-json\/wp\/v2\/product_tag?post=7145"}],"curies":[{"name":"wp","href":"https:\/\/api.w.org\/{rel}","templated":true}]}}