{"id":7144,"date":"2021-03-02T20:33:06","date_gmt":"2021-03-02T19:33:06","guid":{"rendered":"https:\/\/www.violaine-ulmer.com\/boutique\/produit\/chevalieres-gres-copy\/"},"modified":"2022-10-24T10:58:46","modified_gmt":"2022-10-24T09:58:46","slug":"chevalieres-porcelaine-couleur","status":"publish","type":"product","link":"https:\/\/www.violaine-ulmer.com\/boutique\/produit\/chevalieres-porcelaine-couleur\/","title":{"rendered":"Chevali\u00e8res porcelaine couleur"},"content":{"rendered":"<p><span style=\"color: #333333\">Chaque pi\u00e8ce est unique, tant par sa forme que sa facture, son \u00e9maillage.<\/span><\/p>\n<p><span style=\"color: #333333\">Certaines pi\u00e8ce roses ne sont pas rehauss\u00e9e d\u2019or.<\/span><\/p>\n<p><span style=\"color: #333333\">Pour choisir une bague, rendez-vous sur la page suivante, toutes les pi\u00e8ces actuellement disponibles y sont : <\/span><a href=\"https:\/\/www.violaine-ulmer.com\/boutique\/chevalieres-porcelaine-couleur\/\"><span style=\"color: #0000ff\">www.violaine-ulmer.com\/boutique\/chevalieres-porcelaine-couleur\/<\/span><\/a><\/p>\n<p><span style=\"color: #333333\">Au dessus des photos, \u00e0 droite, vous trouvez un petit menu pour faire un choix par taille ou par prix.<\/span><\/p>\n<p><span style=\"color: #333333\">Quand vous cliquez sur une bague, la photo s&rsquo;ouvre en grand et vous avez d&rsquo;autres vues sur la m\u00eame pi\u00e8ce.<\/span><\/p>\n<p><span style=\"color: #333333\">Les chevali\u00e8res sont les seules pi\u00e8ces qui ne peuvent \u00eatre directement achet\u00e9es sur la boutique ; si vous souhaitez acqu\u00e9rir une chevali\u00e8re, rep\u00e9rer sa r\u00e9f\u00e9rence, et contactez-nous par mail ou t\u00e9l\u00e9phone. <\/span><\/p>\n<p><span style=\"color: #333333\">(pour les tailles, se r\u00e9f\u00e9rer \u00e0 l&rsquo;article suivant : <span style=\"color: #0000ff\"><a style=\"color: #0000ff\" href=\"https:\/\/www.violaine-ulmer.com\/questions-reponses\/taille-de-doigt\/\">www.violaine-ulmer.com\/questions-reponses\/taille-de-doigt\/<\/a><\/span>)<\/span><\/p>\n","protected":false},"excerpt":{"rendered":"<p>Chevali\u00e8res en porcelaine \u00e9maill\u00e9e rehauss\u00e9e d\u2019or la plupart du temps.<\/p>\n","protected":false},"featured_media":7082,"template":"","meta":{"_acf_changed":false},"product_brand":[],"product_cat":[59],"product_tag":[],"class_list":{"0":"post-7144","1":"product","2":"type-product","3":"status-publish","4":"has-post-thumbnail","6":"product_cat-bagues","8":"first","9":"instock","10":"shipping-taxable","11":"purchasable","12":"product-type-simple","14":"catalog-layout-full-bg","15":"columns-xs-1"},"acf":[],"_links":{"self":[{"href":"https:\/\/www.violaine-ulmer.com\/boutique\/wp-json\/wp\/v2\/product\/7144","targetHints":{"allow":["GET"]}}],"collection":[{"href":"https:\/\/www.violaine-ulmer.com\/boutique\/wp-json\/wp\/v2\/product"}],"about":[{"href":"https:\/\/www.violaine-ulmer.com\/boutique\/wp-json\/wp\/v2\/types\/product"}],"wp:featuredmedia":[{"embeddable":true,"href":"https:\/\/www.violaine-ulmer.com\/boutique\/wp-json\/wp\/v2\/media\/7082"}],"wp:attachment":[{"href":"https:\/\/www.violaine-ulmer.com\/boutique\/wp-json\/wp\/v2\/media?parent=7144"}],"wp:term":[{"taxonomy":"product_brand","embeddable":true,"href":"https:\/\/www.violaine-ulmer.com\/boutique\/wp-json\/wp\/v2\/product_brand?post=7144"},{"taxonomy":"product_cat","embeddable":true,"href":"https:\/\/www.violaine-ulmer.com\/boutique\/wp-json\/wp\/v2\/product_cat?post=7144"},{"taxonomy":"product_tag","embeddable":true,"href":"https:\/\/www.violaine-ulmer.com\/boutique\/wp-json\/wp\/v2\/product_tag?post=7144"}],"curies":[{"name":"wp","href":"https:\/\/api.w.org\/{rel}","templated":true}]}}