{"id":6760,"date":"2021-01-06T18:23:23","date_gmt":"2021-01-06T17:23:23","guid":{"rendered":"https:\/\/www.violaine-ulmer.com\/boutique\/produit\/pendentif-cra-terre-ag-copy\/"},"modified":"2021-03-01T08:46:04","modified_gmt":"2021-03-01T07:46:04","slug":"pendentif-cra-terre-blanc","status":"publish","type":"product","link":"https:\/\/www.violaine-ulmer.com\/boutique\/produit\/pendentif-cra-terre-blanc\/","title":{"rendered":"Pendentif cra-terre blanc"},"content":{"rendered":"<p>longueur de la chaine : 80 cm (peut-\u00eatre coup\u00e9e plus courte &#8211; jusqu&rsquo;\u00e0 60 cm)<\/p>\n","protected":false},"excerpt":{"rendered":"<p>Un anneau de porcelaine blanche mati\u00e9r\u00e9e est mont\u00e9 sur une cha\u00eene en laiton oxyd\u00e9<\/p>\n","protected":false},"featured_media":6692,"template":"","meta":{"_acf_changed":false},"product_brand":[],"product_cat":[61],"product_tag":[130],"class_list":{"0":"post-6760","1":"product","2":"type-product","3":"status-publish","4":"has-post-thumbnail","6":"product_cat-colliers","7":"product_tag-porcelaine","9":"first","10":"instock","11":"shipping-taxable","12":"purchasable","13":"product-type-simple","15":"catalog-layout-full-bg","16":"columns-xs-1"},"acf":[],"_links":{"self":[{"href":"https:\/\/www.violaine-ulmer.com\/boutique\/wp-json\/wp\/v2\/product\/6760","targetHints":{"allow":["GET"]}}],"collection":[{"href":"https:\/\/www.violaine-ulmer.com\/boutique\/wp-json\/wp\/v2\/product"}],"about":[{"href":"https:\/\/www.violaine-ulmer.com\/boutique\/wp-json\/wp\/v2\/types\/product"}],"wp:featuredmedia":[{"embeddable":true,"href":"https:\/\/www.violaine-ulmer.com\/boutique\/wp-json\/wp\/v2\/media\/6692"}],"wp:attachment":[{"href":"https:\/\/www.violaine-ulmer.com\/boutique\/wp-json\/wp\/v2\/media?parent=6760"}],"wp:term":[{"taxonomy":"product_brand","embeddable":true,"href":"https:\/\/www.violaine-ulmer.com\/boutique\/wp-json\/wp\/v2\/product_brand?post=6760"},{"taxonomy":"product_cat","embeddable":true,"href":"https:\/\/www.violaine-ulmer.com\/boutique\/wp-json\/wp\/v2\/product_cat?post=6760"},{"taxonomy":"product_tag","embeddable":true,"href":"https:\/\/www.violaine-ulmer.com\/boutique\/wp-json\/wp\/v2\/product_tag?post=6760"}],"curies":[{"name":"wp","href":"https:\/\/api.w.org\/{rel}","templated":true}]}}