{"id":6745,"date":"2021-01-06T12:18:08","date_gmt":"2021-01-06T11:18:08","guid":{"rendered":"https:\/\/www.violaine-ulmer.com\/boutique\/?post_type=product&#038;p=6745"},"modified":"2024-01-02T14:31:50","modified_gmt":"2024-01-02T13:31:50","slug":"boucles-bretzel","status":"publish","type":"product","link":"https:\/\/www.violaine-ulmer.com\/boutique\/produit\/boucles-bretzel\/","title":{"rendered":"BO bretzel"},"content":{"rendered":"<p>taille du \u00ab\u00a0bretzel\u00a0\u00bb : 3 cm x 2 cm environ<br \/>\nlongueur totale de la boucle : 4 cm<\/p>\n","protected":false},"excerpt":{"rendered":"<p>un \u00ab\u00a0bretzel\u00a0\u00bb de porcelaine \u00e9maill\u00e9 blanc brillant est mont\u00e9 sur une tige en argent massif.<\/p>\n","protected":false},"featured_media":11545,"template":"","meta":{"_acf_changed":false},"product_brand":[],"product_cat":[60],"product_tag":[130],"class_list":{"0":"post-6745","1":"product","2":"type-product","3":"status-publish","4":"has-post-thumbnail","6":"product_cat-boucles","7":"product_tag-porcelaine","9":"first","10":"instock","11":"shipping-taxable","12":"purchasable","13":"product-type-simple","15":"catalog-layout-full-bg","16":"columns-xs-1"},"acf":[],"_links":{"self":[{"href":"https:\/\/www.violaine-ulmer.com\/boutique\/wp-json\/wp\/v2\/product\/6745","targetHints":{"allow":["GET"]}}],"collection":[{"href":"https:\/\/www.violaine-ulmer.com\/boutique\/wp-json\/wp\/v2\/product"}],"about":[{"href":"https:\/\/www.violaine-ulmer.com\/boutique\/wp-json\/wp\/v2\/types\/product"}],"wp:featuredmedia":[{"embeddable":true,"href":"https:\/\/www.violaine-ulmer.com\/boutique\/wp-json\/wp\/v2\/media\/11545"}],"wp:attachment":[{"href":"https:\/\/www.violaine-ulmer.com\/boutique\/wp-json\/wp\/v2\/media?parent=6745"}],"wp:term":[{"taxonomy":"product_brand","embeddable":true,"href":"https:\/\/www.violaine-ulmer.com\/boutique\/wp-json\/wp\/v2\/product_brand?post=6745"},{"taxonomy":"product_cat","embeddable":true,"href":"https:\/\/www.violaine-ulmer.com\/boutique\/wp-json\/wp\/v2\/product_cat?post=6745"},{"taxonomy":"product_tag","embeddable":true,"href":"https:\/\/www.violaine-ulmer.com\/boutique\/wp-json\/wp\/v2\/product_tag?post=6745"}],"curies":[{"name":"wp","href":"https:\/\/api.w.org\/{rel}","templated":true}]}}