{"id":6732,"date":"2020-12-23T20:14:49","date_gmt":"2020-12-23T19:14:49","guid":{"rendered":"https:\/\/www.violaine-ulmer.com\/boutique\/?post_type=product&#038;p=6732"},"modified":"2021-12-31T09:26:05","modified_gmt":"2021-12-31T08:26:05","slug":"collier-bandeau-2","status":"publish","type":"product","link":"https:\/\/www.violaine-ulmer.com\/boutique\/produit\/collier-bandeau-2\/","title":{"rendered":"collier bandeau 2"},"content":{"rendered":"<p>une ouate synth\u00e9tique constitue l&rsquo;int\u00e9rieur de la corde de lin qui peut donc \u00eatre lav\u00e9e.<br \/>\nlongueur de la corde : 78 cm<br \/>\ndimensions du bandeau : 11 x 5 cm <\/p>\n","protected":false},"excerpt":{"rendered":"<p>un bandeau de porcelaine \u00e9maill\u00e9e et r\u00e9hauss\u00e9e de platine est gliss\u00e9e dans une corde de lin blanche.<\/p>\n","protected":false},"featured_media":6666,"template":"","meta":{"_acf_changed":false},"product_brand":[],"product_cat":[61],"product_tag":[153,130],"class_list":{"0":"post-6732","1":"product","2":"type-product","3":"status-publish","4":"has-post-thumbnail","6":"product_cat-colliers","7":"product_tag-blanc","8":"product_tag-porcelaine","10":"first","11":"instock","12":"shipping-taxable","13":"purchasable","14":"product-type-simple","16":"catalog-layout-full-bg","17":"columns-xs-1"},"acf":[],"_links":{"self":[{"href":"https:\/\/www.violaine-ulmer.com\/boutique\/wp-json\/wp\/v2\/product\/6732","targetHints":{"allow":["GET"]}}],"collection":[{"href":"https:\/\/www.violaine-ulmer.com\/boutique\/wp-json\/wp\/v2\/product"}],"about":[{"href":"https:\/\/www.violaine-ulmer.com\/boutique\/wp-json\/wp\/v2\/types\/product"}],"wp:featuredmedia":[{"embeddable":true,"href":"https:\/\/www.violaine-ulmer.com\/boutique\/wp-json\/wp\/v2\/media\/6666"}],"wp:attachment":[{"href":"https:\/\/www.violaine-ulmer.com\/boutique\/wp-json\/wp\/v2\/media?parent=6732"}],"wp:term":[{"taxonomy":"product_brand","embeddable":true,"href":"https:\/\/www.violaine-ulmer.com\/boutique\/wp-json\/wp\/v2\/product_brand?post=6732"},{"taxonomy":"product_cat","embeddable":true,"href":"https:\/\/www.violaine-ulmer.com\/boutique\/wp-json\/wp\/v2\/product_cat?post=6732"},{"taxonomy":"product_tag","embeddable":true,"href":"https:\/\/www.violaine-ulmer.com\/boutique\/wp-json\/wp\/v2\/product_tag?post=6732"}],"curies":[{"name":"wp","href":"https:\/\/api.w.org\/{rel}","templated":true}]}}