{"id":6627,"date":"2020-12-19T13:54:29","date_gmt":"2020-12-19T12:54:29","guid":{"rendered":"https:\/\/www.violaine-ulmer.com\/boutique\/?post_type=product&#038;p=6627"},"modified":"2021-11-30T17:29:24","modified_gmt":"2021-11-30T16:29:24","slug":"pendentif-medaille-constellation","status":"publish","type":"product","link":"https:\/\/www.violaine-ulmer.com\/boutique\/produit\/pendentif-medaille-constellation\/","title":{"rendered":"pendentif  m\u00e9daille constellation"},"content":{"rendered":"<p>longueur totale : environ 80 cm<br \/>\ntaille du disque : environ 4 cm x 3,5 cm<\/p>\n","protected":false},"excerpt":{"rendered":"<p>un disque de porcelaine constellis\u00e9e de particules d&rsquo;argent glisse sur une cha\u00eene boule en laiton oxyd\u00e9<\/p>\n","protected":false},"featured_media":8839,"template":"","meta":{"_acf_changed":false},"product_brand":[],"product_cat":[61],"product_tag":[152,130],"class_list":{"0":"post-6627","1":"product","2":"type-product","3":"status-publish","4":"has-post-thumbnail","6":"product_cat-colliers","7":"product_tag-constellation","8":"product_tag-porcelaine","10":"first","11":"instock","12":"shipping-taxable","13":"purchasable","14":"product-type-simple","16":"catalog-layout-full-bg","17":"columns-xs-1"},"acf":[],"_links":{"self":[{"href":"https:\/\/www.violaine-ulmer.com\/boutique\/wp-json\/wp\/v2\/product\/6627","targetHints":{"allow":["GET"]}}],"collection":[{"href":"https:\/\/www.violaine-ulmer.com\/boutique\/wp-json\/wp\/v2\/product"}],"about":[{"href":"https:\/\/www.violaine-ulmer.com\/boutique\/wp-json\/wp\/v2\/types\/product"}],"wp:featuredmedia":[{"embeddable":true,"href":"https:\/\/www.violaine-ulmer.com\/boutique\/wp-json\/wp\/v2\/media\/8839"}],"wp:attachment":[{"href":"https:\/\/www.violaine-ulmer.com\/boutique\/wp-json\/wp\/v2\/media?parent=6627"}],"wp:term":[{"taxonomy":"product_brand","embeddable":true,"href":"https:\/\/www.violaine-ulmer.com\/boutique\/wp-json\/wp\/v2\/product_brand?post=6627"},{"taxonomy":"product_cat","embeddable":true,"href":"https:\/\/www.violaine-ulmer.com\/boutique\/wp-json\/wp\/v2\/product_cat?post=6627"},{"taxonomy":"product_tag","embeddable":true,"href":"https:\/\/www.violaine-ulmer.com\/boutique\/wp-json\/wp\/v2\/product_tag?post=6627"}],"curies":[{"name":"wp","href":"https:\/\/api.w.org\/{rel}","templated":true}]}}