{"id":6551,"date":"2020-12-18T19:55:08","date_gmt":"2020-12-18T18:55:08","guid":{"rendered":"https:\/\/www.violaine-ulmer.com\/boutique\/?post_type=product&#038;p=6551"},"modified":"2023-06-29T13:41:32","modified_gmt":"2023-06-29T12:41:32","slug":"pendentif-asymetrique-constellation","status":"publish","type":"product","link":"https:\/\/www.violaine-ulmer.com\/boutique\/produit\/pendentif-asymetrique-constellation\/","title":{"rendered":"pendentif asym\u00e9trique constellation"},"content":{"rendered":"<p>La partie sup\u00e9rieure est une plaque de porcelaine constellis\u00e9e de particules d&rsquo;argent.<br \/>\nla plaque  inf\u00e9rieure est en porcelaine \u00e9maill\u00e9e noir<br \/>\nL&rsquo;ensemble est mont\u00e9 sur un c\u00e2ble d&rsquo;acier ferm\u00e9 par un fermoir boule aimant\u00e9<br \/>\nlongueur totale : environ 46 cm<\/p>\n","protected":false},"excerpt":{"rendered":"<p>2 plaques de porcelaine sont assembl\u00e9es de fa\u00e7on asym\u00e9tiques.<br \/>\n2 colliers en stock, l\u00e9g\u00e8rement diff\u00e9rents<\/p>\n","protected":false},"featured_media":8834,"template":"","meta":{"_acf_changed":false},"product_brand":[],"product_cat":[61],"product_tag":[152,130],"class_list":{"0":"post-6551","1":"product","2":"type-product","3":"status-publish","4":"has-post-thumbnail","6":"product_cat-colliers","7":"product_tag-constellation","8":"product_tag-porcelaine","10":"first","11":"instock","12":"shipping-taxable","13":"purchasable","14":"product-type-simple","16":"catalog-layout-full-bg","17":"columns-xs-1"},"acf":[],"_links":{"self":[{"href":"https:\/\/www.violaine-ulmer.com\/boutique\/wp-json\/wp\/v2\/product\/6551","targetHints":{"allow":["GET"]}}],"collection":[{"href":"https:\/\/www.violaine-ulmer.com\/boutique\/wp-json\/wp\/v2\/product"}],"about":[{"href":"https:\/\/www.violaine-ulmer.com\/boutique\/wp-json\/wp\/v2\/types\/product"}],"wp:featuredmedia":[{"embeddable":true,"href":"https:\/\/www.violaine-ulmer.com\/boutique\/wp-json\/wp\/v2\/media\/8834"}],"wp:attachment":[{"href":"https:\/\/www.violaine-ulmer.com\/boutique\/wp-json\/wp\/v2\/media?parent=6551"}],"wp:term":[{"taxonomy":"product_brand","embeddable":true,"href":"https:\/\/www.violaine-ulmer.com\/boutique\/wp-json\/wp\/v2\/product_brand?post=6551"},{"taxonomy":"product_cat","embeddable":true,"href":"https:\/\/www.violaine-ulmer.com\/boutique\/wp-json\/wp\/v2\/product_cat?post=6551"},{"taxonomy":"product_tag","embeddable":true,"href":"https:\/\/www.violaine-ulmer.com\/boutique\/wp-json\/wp\/v2\/product_tag?post=6551"}],"curies":[{"name":"wp","href":"https:\/\/api.w.org\/{rel}","templated":true}]}}