{"id":6539,"date":"2020-12-18T18:13:11","date_gmt":"2020-12-18T17:13:11","guid":{"rendered":"https:\/\/www.violaine-ulmer.com\/boutique\/?post_type=product&#038;p=6539"},"modified":"2021-12-31T09:26:05","modified_gmt":"2021-12-31T08:26:05","slug":"sautoir-torti","status":"publish","type":"product","link":"https:\/\/www.violaine-ulmer.com\/boutique\/produit\/sautoir-torti\/","title":{"rendered":"Sautoir \u00ab\u00a0torti\u00a0\u00bb"},"content":{"rendered":"<p>Les tubes sont mont\u00e9s sur un \u00e9lastique fin rouge qui lui donne de la souplesse et permet de le doubler \u00e9ventuellement pour le porter en collier.<\/p>\n<p>longueur totale : environ 110 cm<\/p>\n","protected":false},"excerpt":{"rendered":"<p>sautoir constitu\u00e9 de \u00ab\u00a0tortis\u00a0\u00bb : tubes de porcelaine blanche non \u00e9maill\u00e9e, aux formes al\u00e9atoires.<\/p>\n","protected":false},"featured_media":6516,"template":"","meta":{"_acf_changed":false},"product_brand":[],"product_cat":[61],"product_tag":[153,130],"class_list":{"0":"post-6539","1":"product","2":"type-product","3":"status-publish","4":"has-post-thumbnail","6":"product_cat-colliers","7":"product_tag-blanc","8":"product_tag-porcelaine","10":"first","11":"instock","12":"shipping-taxable","13":"purchasable","14":"product-type-simple","16":"catalog-layout-full-bg","17":"columns-xs-1"},"acf":[],"_links":{"self":[{"href":"https:\/\/www.violaine-ulmer.com\/boutique\/wp-json\/wp\/v2\/product\/6539","targetHints":{"allow":["GET"]}}],"collection":[{"href":"https:\/\/www.violaine-ulmer.com\/boutique\/wp-json\/wp\/v2\/product"}],"about":[{"href":"https:\/\/www.violaine-ulmer.com\/boutique\/wp-json\/wp\/v2\/types\/product"}],"wp:featuredmedia":[{"embeddable":true,"href":"https:\/\/www.violaine-ulmer.com\/boutique\/wp-json\/wp\/v2\/media\/6516"}],"wp:attachment":[{"href":"https:\/\/www.violaine-ulmer.com\/boutique\/wp-json\/wp\/v2\/media?parent=6539"}],"wp:term":[{"taxonomy":"product_brand","embeddable":true,"href":"https:\/\/www.violaine-ulmer.com\/boutique\/wp-json\/wp\/v2\/product_brand?post=6539"},{"taxonomy":"product_cat","embeddable":true,"href":"https:\/\/www.violaine-ulmer.com\/boutique\/wp-json\/wp\/v2\/product_cat?post=6539"},{"taxonomy":"product_tag","embeddable":true,"href":"https:\/\/www.violaine-ulmer.com\/boutique\/wp-json\/wp\/v2\/product_tag?post=6539"}],"curies":[{"name":"wp","href":"https:\/\/api.w.org\/{rel}","templated":true}]}}