{"id":6228,"date":"2020-12-10T13:10:37","date_gmt":"2020-12-10T12:10:37","guid":{"rendered":"https:\/\/www.violaine-ulmer.com\/boutique\/?post_type=product&#038;p=6228"},"modified":"2021-12-31T09:30:30","modified_gmt":"2021-12-31T08:30:30","slug":"bo-camee","status":"publish","type":"product","link":"https:\/\/www.violaine-ulmer.com\/boutique\/produit\/bo-camee\/","title":{"rendered":"BO &#8211; Cam\u00e9e"},"content":{"rendered":"<p>Pi\u00e8ce unique issue d\u2019un travail de recherche pr\u00e9sent\u00e9 \u00e0 Paris dans le cadre du \u201cparcours bijoux\u201d chez Patrick Roger Chocolatier<\/p>\n","protected":false},"excerpt":{"rendered":"<p>Boucles porcelaine et argent massif oxyd\u00e9. Diam\u00e8tre environ 2,3 cm<\/p>\n","protected":false},"featured_media":8043,"template":"","meta":{"_acf_changed":false},"product_brand":[],"product_cat":[60],"product_tag":[132,153,130],"class_list":{"0":"post-6228","1":"product","2":"type-product","3":"status-publish","4":"has-post-thumbnail","6":"product_cat-boucles","7":"product_tag-argent","8":"product_tag-blanc","9":"product_tag-porcelaine","11":"first","12":"instock","13":"shipping-taxable","14":"purchasable","15":"product-type-simple","17":"catalog-layout-full-bg","18":"columns-xs-1"},"acf":[],"_links":{"self":[{"href":"https:\/\/www.violaine-ulmer.com\/boutique\/wp-json\/wp\/v2\/product\/6228","targetHints":{"allow":["GET"]}}],"collection":[{"href":"https:\/\/www.violaine-ulmer.com\/boutique\/wp-json\/wp\/v2\/product"}],"about":[{"href":"https:\/\/www.violaine-ulmer.com\/boutique\/wp-json\/wp\/v2\/types\/product"}],"wp:featuredmedia":[{"embeddable":true,"href":"https:\/\/www.violaine-ulmer.com\/boutique\/wp-json\/wp\/v2\/media\/8043"}],"wp:attachment":[{"href":"https:\/\/www.violaine-ulmer.com\/boutique\/wp-json\/wp\/v2\/media?parent=6228"}],"wp:term":[{"taxonomy":"product_brand","embeddable":true,"href":"https:\/\/www.violaine-ulmer.com\/boutique\/wp-json\/wp\/v2\/product_brand?post=6228"},{"taxonomy":"product_cat","embeddable":true,"href":"https:\/\/www.violaine-ulmer.com\/boutique\/wp-json\/wp\/v2\/product_cat?post=6228"},{"taxonomy":"product_tag","embeddable":true,"href":"https:\/\/www.violaine-ulmer.com\/boutique\/wp-json\/wp\/v2\/product_tag?post=6228"}],"curies":[{"name":"wp","href":"https:\/\/api.w.org\/{rel}","templated":true}]}}