{"id":3847,"date":"2017-02-10T16:05:33","date_gmt":"2017-02-10T15:05:33","guid":{"rendered":"http:\/\/www.violaine-ulmer.com\/boutique\/?post_type=product&#038;p=3847"},"modified":"2025-11-05T17:14:40","modified_gmt":"2025-11-05T16:14:40","slug":"bague-saturne","status":"publish","type":"product","link":"https:\/\/www.violaine-ulmer.com\/boutique\/produit\/bague-saturne\/","title":{"rendered":"Bague Saturne"},"content":{"rendered":"<p>Bague en argent 925 massif. Coupelle grav\u00e9e \u00e0 la trame avec des anneaux martel\u00e9s qui bougent librement autour de la coupelle. Aspect satin\u00e9, bross\u00e9.<\/p>\n<p>La pi\u00e8ce est fabriqu\u00e9e sur mesure et \u00e0 la taille.<\/p>\n","protected":false},"excerpt":{"rendered":"<p>Bague en argent 925 massif. Coupelle grav\u00e9e \u00e0 la trame avec des anneaux martel\u00e9s qui bougent librement autour de la coupelle. Aspect satin\u00e9, bross\u00e9. La pi\u00e8ce est fabriqu\u00e9e sur mesure et \u00e0 la taille.<\/p>\n","protected":false},"featured_media":3844,"template":"","meta":{"_acf_changed":false},"product_brand":[],"product_cat":[59],"product_tag":[132],"class_list":{"0":"post-3847","1":"product","2":"type-product","3":"status-publish","4":"has-post-thumbnail","6":"product_cat-bagues","7":"product_tag-argent","9":"first","10":"instock","11":"shipping-taxable","12":"purchasable","13":"product-type-simple","15":"catalog-layout-full-bg","16":"columns-xs-1"},"acf":[],"_links":{"self":[{"href":"https:\/\/www.violaine-ulmer.com\/boutique\/wp-json\/wp\/v2\/product\/3847","targetHints":{"allow":["GET"]}}],"collection":[{"href":"https:\/\/www.violaine-ulmer.com\/boutique\/wp-json\/wp\/v2\/product"}],"about":[{"href":"https:\/\/www.violaine-ulmer.com\/boutique\/wp-json\/wp\/v2\/types\/product"}],"wp:featuredmedia":[{"embeddable":true,"href":"https:\/\/www.violaine-ulmer.com\/boutique\/wp-json\/wp\/v2\/media\/3844"}],"wp:attachment":[{"href":"https:\/\/www.violaine-ulmer.com\/boutique\/wp-json\/wp\/v2\/media?parent=3847"}],"wp:term":[{"taxonomy":"product_brand","embeddable":true,"href":"https:\/\/www.violaine-ulmer.com\/boutique\/wp-json\/wp\/v2\/product_brand?post=3847"},{"taxonomy":"product_cat","embeddable":true,"href":"https:\/\/www.violaine-ulmer.com\/boutique\/wp-json\/wp\/v2\/product_cat?post=3847"},{"taxonomy":"product_tag","embeddable":true,"href":"https:\/\/www.violaine-ulmer.com\/boutique\/wp-json\/wp\/v2\/product_tag?post=3847"}],"curies":[{"name":"wp","href":"https:\/\/api.w.org\/{rel}","templated":true}]}}