{"id":3602,"date":"2016-11-14T15:59:03","date_gmt":"2016-11-14T14:59:03","guid":{"rendered":"http:\/\/www.violaine-ulmer.com\/boutique\/produit\/boucles-moeb-rectangle\/"},"modified":"2021-05-21T18:22:00","modified_gmt":"2021-05-21T17:22:00","slug":"boucles-moeb-rectangle","status":"publish","type":"product","link":"https:\/\/www.violaine-ulmer.com\/boutique\/produit\/boucles-moeb-rectangle\/","title":{"rendered":"BO Moeb &#8211; Rectangle"},"content":{"rendered":"<p>Un bijou \u00ab\u00a0pr\u00e9sent-absent\u00a0\u00bb qui s&rsquo;accommode de toutes les formes de visage.<br \/>\nlongueur totale de la boucle : environ 5 cm<\/p>\n","protected":false},"excerpt":{"rendered":"<p>Deux formes identiques en argent massif qui s\u2019embo\u00eetent tout en \u00e9tant d\u00e9cal\u00e9es.<\/p>\n","protected":false},"featured_media":8049,"template":"","meta":{"_acf_changed":false},"product_brand":[],"product_cat":[60],"product_tag":[132],"class_list":{"0":"post-3602","1":"product","2":"type-product","3":"status-publish","4":"has-post-thumbnail","6":"product_cat-boucles","7":"product_tag-argent","9":"first","10":"instock","11":"shipping-taxable","12":"purchasable","13":"product-type-simple","15":"catalog-layout-full-bg","16":"columns-xs-1"},"acf":[],"_links":{"self":[{"href":"https:\/\/www.violaine-ulmer.com\/boutique\/wp-json\/wp\/v2\/product\/3602","targetHints":{"allow":["GET"]}}],"collection":[{"href":"https:\/\/www.violaine-ulmer.com\/boutique\/wp-json\/wp\/v2\/product"}],"about":[{"href":"https:\/\/www.violaine-ulmer.com\/boutique\/wp-json\/wp\/v2\/types\/product"}],"wp:featuredmedia":[{"embeddable":true,"href":"https:\/\/www.violaine-ulmer.com\/boutique\/wp-json\/wp\/v2\/media\/8049"}],"wp:attachment":[{"href":"https:\/\/www.violaine-ulmer.com\/boutique\/wp-json\/wp\/v2\/media?parent=3602"}],"wp:term":[{"taxonomy":"product_brand","embeddable":true,"href":"https:\/\/www.violaine-ulmer.com\/boutique\/wp-json\/wp\/v2\/product_brand?post=3602"},{"taxonomy":"product_cat","embeddable":true,"href":"https:\/\/www.violaine-ulmer.com\/boutique\/wp-json\/wp\/v2\/product_cat?post=3602"},{"taxonomy":"product_tag","embeddable":true,"href":"https:\/\/www.violaine-ulmer.com\/boutique\/wp-json\/wp\/v2\/product_tag?post=3602"}],"curies":[{"name":"wp","href":"https:\/\/api.w.org\/{rel}","templated":true}]}}