{"id":3563,"date":"2016-11-13T21:21:49","date_gmt":"2016-11-13T20:21:49","guid":{"rendered":"http:\/\/www.violaine-ulmer.com\/boutique\/?post_type=product&#038;p=3563"},"modified":"2022-01-05T09:59:14","modified_gmt":"2022-01-05T08:59:14","slug":"collier-bretzel","status":"publish","type":"product","link":"https:\/\/www.violaine-ulmer.com\/boutique\/produit\/collier-bretzel\/","title":{"rendered":"Collier Bretzel"},"content":{"rendered":"<p>Collier constitu\u00e9 de \u00ab\u00a0Bretzel\u00a0\u00bb en porcelaine \u00e9maill\u00e9e blanc. Des rondelles de caoutchouc constituent la base du collier pour l&rsquo;all\u00e9ger.<\/p>\n<p>Le fermoir est aussi en porcelaine \u00e9maill\u00e9e.<\/p>\n","protected":false},"excerpt":{"rendered":"<p>Collier constitu\u00e9 de \u00ab\u00a0Bretzel\u00a0\u00bb en porcelaine \u00e9maill\u00e9e blanc. Des rondelles de caoutchouc constituent la base du collier pour l&rsquo;all\u00e9ger. Le fermoir est aussi en porcelaine \u00e9maill\u00e9e.<\/p>\n","protected":false},"featured_media":3578,"template":"","meta":{"_acf_changed":false},"product_brand":[],"product_cat":[61],"product_tag":[153,130],"class_list":{"0":"post-3563","1":"product","2":"type-product","3":"status-publish","4":"has-post-thumbnail","6":"product_cat-colliers","7":"product_tag-blanc","8":"product_tag-porcelaine","10":"first","11":"instock","12":"shipping-taxable","13":"purchasable","14":"product-type-simple","16":"catalog-layout-full-bg","17":"columns-xs-1"},"acf":[],"_links":{"self":[{"href":"https:\/\/www.violaine-ulmer.com\/boutique\/wp-json\/wp\/v2\/product\/3563","targetHints":{"allow":["GET"]}}],"collection":[{"href":"https:\/\/www.violaine-ulmer.com\/boutique\/wp-json\/wp\/v2\/product"}],"about":[{"href":"https:\/\/www.violaine-ulmer.com\/boutique\/wp-json\/wp\/v2\/types\/product"}],"wp:featuredmedia":[{"embeddable":true,"href":"https:\/\/www.violaine-ulmer.com\/boutique\/wp-json\/wp\/v2\/media\/3578"}],"wp:attachment":[{"href":"https:\/\/www.violaine-ulmer.com\/boutique\/wp-json\/wp\/v2\/media?parent=3563"}],"wp:term":[{"taxonomy":"product_brand","embeddable":true,"href":"https:\/\/www.violaine-ulmer.com\/boutique\/wp-json\/wp\/v2\/product_brand?post=3563"},{"taxonomy":"product_cat","embeddable":true,"href":"https:\/\/www.violaine-ulmer.com\/boutique\/wp-json\/wp\/v2\/product_cat?post=3563"},{"taxonomy":"product_tag","embeddable":true,"href":"https:\/\/www.violaine-ulmer.com\/boutique\/wp-json\/wp\/v2\/product_tag?post=3563"}],"curies":[{"name":"wp","href":"https:\/\/api.w.org\/{rel}","templated":true}]}}