{"id":3560,"date":"2016-11-13T21:03:11","date_gmt":"2016-11-13T20:03:11","guid":{"rendered":"http:\/\/www.violaine-ulmer.com\/boutique\/?post_type=product&#038;p=3560"},"modified":"2026-02-16T09:19:05","modified_gmt":"2026-02-16T08:19:05","slug":"collier-moeb-23-anneaux","status":"publish","type":"product","link":"https:\/\/www.violaine-ulmer.com\/boutique\/produit\/collier-moeb-23-anneaux\/","title":{"rendered":"Collier Moeb 23 Anneaux"},"content":{"rendered":"<p>23 anneaux en argent massif mont\u00e9s sur fil de nylon prune qui le rend invisible lorsque le collier est port\u00e9 sur un v\u00eatement fonc\u00e9.<\/p>\n<p>Un anneau permet de porter le sautoir doubl\u00e9 pour en faire un collier.<\/p>\n","protected":false},"excerpt":{"rendered":"<p>23 anneaux en argent massif mont\u00e9s sur fil de nylon prune qui le rend invisible lorsque le collier est port\u00e9 sur un v\u00eatement fonc\u00e9. Un anneau permet de porter le sautoir doubl\u00e9 pour en faire un collier.<\/p>\n","protected":false},"featured_media":3380,"template":"","meta":{"_acf_changed":false},"product_brand":[],"product_cat":[61],"product_tag":[132],"class_list":{"0":"post-3560","1":"product","2":"type-product","3":"status-publish","4":"has-post-thumbnail","6":"product_cat-colliers","7":"product_tag-argent","9":"first","10":"instock","11":"shipping-taxable","12":"purchasable","13":"product-type-simple","15":"catalog-layout-full-bg","16":"columns-xs-1"},"acf":[],"_links":{"self":[{"href":"https:\/\/www.violaine-ulmer.com\/boutique\/wp-json\/wp\/v2\/product\/3560","targetHints":{"allow":["GET"]}}],"collection":[{"href":"https:\/\/www.violaine-ulmer.com\/boutique\/wp-json\/wp\/v2\/product"}],"about":[{"href":"https:\/\/www.violaine-ulmer.com\/boutique\/wp-json\/wp\/v2\/types\/product"}],"wp:featuredmedia":[{"embeddable":true,"href":"https:\/\/www.violaine-ulmer.com\/boutique\/wp-json\/wp\/v2\/media\/3380"}],"wp:attachment":[{"href":"https:\/\/www.violaine-ulmer.com\/boutique\/wp-json\/wp\/v2\/media?parent=3560"}],"wp:term":[{"taxonomy":"product_brand","embeddable":true,"href":"https:\/\/www.violaine-ulmer.com\/boutique\/wp-json\/wp\/v2\/product_brand?post=3560"},{"taxonomy":"product_cat","embeddable":true,"href":"https:\/\/www.violaine-ulmer.com\/boutique\/wp-json\/wp\/v2\/product_cat?post=3560"},{"taxonomy":"product_tag","embeddable":true,"href":"https:\/\/www.violaine-ulmer.com\/boutique\/wp-json\/wp\/v2\/product_tag?post=3560"}],"curies":[{"name":"wp","href":"https:\/\/api.w.org\/{rel}","templated":true}]}}