{"id":3521,"date":"2016-11-13T19:48:34","date_gmt":"2016-11-13T18:48:34","guid":{"rendered":"http:\/\/www.violaine-ulmer.com\/boutique\/?post_type=product&#038;p=3521"},"modified":"2024-12-14T21:58:28","modified_gmt":"2024-12-14T20:58:28","slug":"anneau-blanc","status":"publish","type":"product","link":"https:\/\/www.violaine-ulmer.com\/boutique\/produit\/anneau-blanc\/","title":{"rendered":"Anneau Blanc"},"content":{"rendered":"<p>Des anneaux en porcelaine blanche, partiellement \u00e9maill\u00e9e, tous diff\u00e9rents.<\/p>\n<p>Les tailles sont approximatives (du XS au XL).<\/p>\n","protected":false},"excerpt":{"rendered":"<p>Des anneaux en porcelaine blanche, partiellement \u00e9maill\u00e9e, tous diff\u00e9rents. Les tailles sont approximatives (du XS au XL).<\/p>\n","protected":false},"featured_media":3516,"template":"","meta":{"_acf_changed":false},"product_brand":[],"product_cat":[59],"product_tag":[153,130],"class_list":{"0":"post-3521","1":"product","2":"type-product","3":"status-publish","4":"has-post-thumbnail","6":"product_cat-bagues","7":"product_tag-blanc","8":"product_tag-porcelaine","10":"first","11":"instock","12":"shipping-taxable","13":"purchasable","14":"product-type-variable","16":"catalog-layout-full-bg","17":"columns-xs-1"},"acf":[],"_links":{"self":[{"href":"https:\/\/www.violaine-ulmer.com\/boutique\/wp-json\/wp\/v2\/product\/3521","targetHints":{"allow":["GET"]}}],"collection":[{"href":"https:\/\/www.violaine-ulmer.com\/boutique\/wp-json\/wp\/v2\/product"}],"about":[{"href":"https:\/\/www.violaine-ulmer.com\/boutique\/wp-json\/wp\/v2\/types\/product"}],"wp:featuredmedia":[{"embeddable":true,"href":"https:\/\/www.violaine-ulmer.com\/boutique\/wp-json\/wp\/v2\/media\/3516"}],"wp:attachment":[{"href":"https:\/\/www.violaine-ulmer.com\/boutique\/wp-json\/wp\/v2\/media?parent=3521"}],"wp:term":[{"taxonomy":"product_brand","embeddable":true,"href":"https:\/\/www.violaine-ulmer.com\/boutique\/wp-json\/wp\/v2\/product_brand?post=3521"},{"taxonomy":"product_cat","embeddable":true,"href":"https:\/\/www.violaine-ulmer.com\/boutique\/wp-json\/wp\/v2\/product_cat?post=3521"},{"taxonomy":"product_tag","embeddable":true,"href":"https:\/\/www.violaine-ulmer.com\/boutique\/wp-json\/wp\/v2\/product_tag?post=3521"}],"curies":[{"name":"wp","href":"https:\/\/api.w.org\/{rel}","templated":true}]}}