{"id":3450,"date":"2016-11-06T09:47:30","date_gmt":"2016-11-06T08:47:30","guid":{"rendered":"http:\/\/www.violaine-ulmer.com\/boutique\/?post_type=product&#038;p=3450"},"modified":"2025-11-09T23:05:54","modified_gmt":"2025-11-09T22:05:54","slug":"boucles-moeb-vrillee","status":"publish","type":"product","link":"https:\/\/www.violaine-ulmer.com\/boutique\/produit\/boucles-moeb-vrillee\/","title":{"rendered":"BO Moeb &#8211; Vrill\u00e9e"},"content":{"rendered":"<p>Un bijou \u00ab\u00a0pr\u00e9sent-absent\u00a0\u00bb qui s&rsquo;accommode de toutes les formes de visage (notamment la BO moeb vrill\u00e9e).<br \/>\nlongueur totale de la boucle : environ 4,5 cm<\/p>\n","protected":false},"excerpt":{"rendered":"<p>Deux formes identiques en argent massif qui s\u2019embo\u00eetent tout en \u00e9tant d\u00e9cal\u00e9es.<\/p>\n","protected":false},"featured_media":8033,"template":"","meta":{"_acf_changed":false},"product_brand":[],"product_cat":[60],"product_tag":[132],"class_list":{"0":"post-3450","1":"product","2":"type-product","3":"status-publish","4":"has-post-thumbnail","6":"product_cat-boucles","7":"product_tag-argent","9":"first","10":"instock","11":"shipping-taxable","12":"purchasable","13":"product-type-simple","15":"catalog-layout-full-bg","16":"columns-xs-1"},"acf":[],"_links":{"self":[{"href":"https:\/\/www.violaine-ulmer.com\/boutique\/wp-json\/wp\/v2\/product\/3450","targetHints":{"allow":["GET"]}}],"collection":[{"href":"https:\/\/www.violaine-ulmer.com\/boutique\/wp-json\/wp\/v2\/product"}],"about":[{"href":"https:\/\/www.violaine-ulmer.com\/boutique\/wp-json\/wp\/v2\/types\/product"}],"wp:featuredmedia":[{"embeddable":true,"href":"https:\/\/www.violaine-ulmer.com\/boutique\/wp-json\/wp\/v2\/media\/8033"}],"wp:attachment":[{"href":"https:\/\/www.violaine-ulmer.com\/boutique\/wp-json\/wp\/v2\/media?parent=3450"}],"wp:term":[{"taxonomy":"product_brand","embeddable":true,"href":"https:\/\/www.violaine-ulmer.com\/boutique\/wp-json\/wp\/v2\/product_brand?post=3450"},{"taxonomy":"product_cat","embeddable":true,"href":"https:\/\/www.violaine-ulmer.com\/boutique\/wp-json\/wp\/v2\/product_cat?post=3450"},{"taxonomy":"product_tag","embeddable":true,"href":"https:\/\/www.violaine-ulmer.com\/boutique\/wp-json\/wp\/v2\/product_tag?post=3450"}],"curies":[{"name":"wp","href":"https:\/\/api.w.org\/{rel}","templated":true}]}}