{"id":3445,"date":"2016-11-05T20:29:01","date_gmt":"2016-11-05T19:29:01","guid":{"rendered":"http:\/\/www.violaine-ulmer.com\/boutique\/?post_type=product&#038;p=3445"},"modified":"2025-12-27T20:05:21","modified_gmt":"2025-12-27T19:05:21","slug":"bague-ruguelisse","status":"publish","type":"product","link":"https:\/\/www.violaine-ulmer.com\/boutique\/produit\/bague-ruguelisse\/","title":{"rendered":"Bague Ruguelisse"},"content":{"rendered":"<p>Un anneau qui passe d&rsquo;un aspect lisse \u00e0 un aspect rugueux.<\/p>\n<p>La surface ext\u00e9rieure est satin\u00e9e, tandis que l&rsquo;int\u00e9rieur est poli-miroir.<\/p>\n","protected":false},"excerpt":{"rendered":"<p>Un anneau qui passe d&rsquo;un aspect lisse \u00e0 un aspect rugueux. La surface ext\u00e9rieure est satin\u00e9e, tandis que l&rsquo;int\u00e9rieur est poli-miroir.<\/p>\n","protected":false},"featured_media":3399,"template":"","meta":{"_acf_changed":false},"product_brand":[],"product_cat":[59],"product_tag":[132],"class_list":{"0":"post-3445","1":"product","2":"type-product","3":"status-publish","4":"has-post-thumbnail","6":"product_cat-bagues","7":"product_tag-argent","9":"first","10":"instock","11":"shipping-taxable","12":"purchasable","13":"product-type-variable","15":"catalog-layout-full-bg","16":"columns-xs-1"},"acf":[],"_links":{"self":[{"href":"https:\/\/www.violaine-ulmer.com\/boutique\/wp-json\/wp\/v2\/product\/3445","targetHints":{"allow":["GET"]}}],"collection":[{"href":"https:\/\/www.violaine-ulmer.com\/boutique\/wp-json\/wp\/v2\/product"}],"about":[{"href":"https:\/\/www.violaine-ulmer.com\/boutique\/wp-json\/wp\/v2\/types\/product"}],"wp:featuredmedia":[{"embeddable":true,"href":"https:\/\/www.violaine-ulmer.com\/boutique\/wp-json\/wp\/v2\/media\/3399"}],"wp:attachment":[{"href":"https:\/\/www.violaine-ulmer.com\/boutique\/wp-json\/wp\/v2\/media?parent=3445"}],"wp:term":[{"taxonomy":"product_brand","embeddable":true,"href":"https:\/\/www.violaine-ulmer.com\/boutique\/wp-json\/wp\/v2\/product_brand?post=3445"},{"taxonomy":"product_cat","embeddable":true,"href":"https:\/\/www.violaine-ulmer.com\/boutique\/wp-json\/wp\/v2\/product_cat?post=3445"},{"taxonomy":"product_tag","embeddable":true,"href":"https:\/\/www.violaine-ulmer.com\/boutique\/wp-json\/wp\/v2\/product_tag?post=3445"}],"curies":[{"name":"wp","href":"https:\/\/api.w.org\/{rel}","templated":true}]}}