{"id":3424,"date":"2016-11-05T17:42:48","date_gmt":"2016-11-05T16:42:48","guid":{"rendered":"http:\/\/www.violaine-ulmer.com\/boutique\/?post_type=product&#038;p=3424"},"modified":"2025-11-09T23:05:54","modified_gmt":"2025-11-09T22:05:54","slug":"puces-pepite","status":"publish","type":"product","link":"https:\/\/www.violaine-ulmer.com\/boutique\/produit\/puces-pepite\/","title":{"rendered":"Puces Pepite"},"content":{"rendered":"<p>Les \u00ab\u00a0puces\u00a0\u00bb sont de petites boucles d&rsquo;oreilles fix\u00e9es \u00e0 des \u00ab\u00a0clous\u00a0\u00bben argent massif.<br \/>\nChaque t\u00eate est diff\u00e9rente, et peut \u00eatre lisse ou plus accident\u00e9e.<\/p>\n","protected":false},"excerpt":{"rendered":"<p>Une p\u00e9pite d&rsquo;argent fin toujours diff\u00e9rente est soud\u00e9e \u00e0 un clou en argent massif<\/p>\n","protected":false},"featured_media":3369,"template":"","meta":{"_acf_changed":false},"product_brand":[],"product_cat":[60],"product_tag":[132],"class_list":{"0":"post-3424","1":"product","2":"type-product","3":"status-publish","4":"has-post-thumbnail","6":"product_cat-boucles","7":"product_tag-argent","9":"first","10":"instock","11":"shipping-taxable","12":"purchasable","13":"product-type-simple","15":"catalog-layout-full-bg","16":"columns-xs-1"},"acf":[],"_links":{"self":[{"href":"https:\/\/www.violaine-ulmer.com\/boutique\/wp-json\/wp\/v2\/product\/3424","targetHints":{"allow":["GET"]}}],"collection":[{"href":"https:\/\/www.violaine-ulmer.com\/boutique\/wp-json\/wp\/v2\/product"}],"about":[{"href":"https:\/\/www.violaine-ulmer.com\/boutique\/wp-json\/wp\/v2\/types\/product"}],"wp:featuredmedia":[{"embeddable":true,"href":"https:\/\/www.violaine-ulmer.com\/boutique\/wp-json\/wp\/v2\/media\/3369"}],"wp:attachment":[{"href":"https:\/\/www.violaine-ulmer.com\/boutique\/wp-json\/wp\/v2\/media?parent=3424"}],"wp:term":[{"taxonomy":"product_brand","embeddable":true,"href":"https:\/\/www.violaine-ulmer.com\/boutique\/wp-json\/wp\/v2\/product_brand?post=3424"},{"taxonomy":"product_cat","embeddable":true,"href":"https:\/\/www.violaine-ulmer.com\/boutique\/wp-json\/wp\/v2\/product_cat?post=3424"},{"taxonomy":"product_tag","embeddable":true,"href":"https:\/\/www.violaine-ulmer.com\/boutique\/wp-json\/wp\/v2\/product_tag?post=3424"}],"curies":[{"name":"wp","href":"https:\/\/api.w.org\/{rel}","templated":true}]}}