{"id":3419,"date":"2016-11-05T17:10:05","date_gmt":"2016-11-05T16:10:05","guid":{"rendered":"http:\/\/www.violaine-ulmer.com\/boutique\/?post_type=product&#038;p=3419"},"modified":"2025-11-05T17:59:39","modified_gmt":"2025-11-05T16:59:39","slug":"bague-pepite","status":"publish","type":"product","link":"https:\/\/www.violaine-ulmer.com\/boutique\/produit\/bague-pepite\/","title":{"rendered":"Bague Pepite"},"content":{"rendered":"<p>Une p\u00e9pite d&rsquo;argent fin toujours diff\u00e9rente surmonte chaque bague qui peut \u00eatre ronde ou carr\u00e9e. Chaque bague existe en 3 tailles (SML).<\/p>\n","protected":false},"excerpt":{"rendered":"<p>Une p\u00e9pite d&rsquo;argent fin toujours diff\u00e9rente surmonte chaque bague qui peut \u00eatre ronde ou carr\u00e9e. Chaque bague existe en 3 tailles (SML).<\/p>\n","protected":false},"featured_media":3367,"template":"","meta":{"_acf_changed":false},"product_brand":[],"product_cat":[59],"product_tag":[132],"class_list":{"0":"post-3419","1":"product","2":"type-product","3":"status-publish","4":"has-post-thumbnail","6":"product_cat-bagues","7":"product_tag-argent","9":"first","10":"instock","11":"shipping-taxable","12":"purchasable","13":"product-type-variable","15":"catalog-layout-full-bg","16":"columns-xs-1"},"acf":[],"_links":{"self":[{"href":"https:\/\/www.violaine-ulmer.com\/boutique\/wp-json\/wp\/v2\/product\/3419","targetHints":{"allow":["GET"]}}],"collection":[{"href":"https:\/\/www.violaine-ulmer.com\/boutique\/wp-json\/wp\/v2\/product"}],"about":[{"href":"https:\/\/www.violaine-ulmer.com\/boutique\/wp-json\/wp\/v2\/types\/product"}],"wp:featuredmedia":[{"embeddable":true,"href":"https:\/\/www.violaine-ulmer.com\/boutique\/wp-json\/wp\/v2\/media\/3367"}],"wp:attachment":[{"href":"https:\/\/www.violaine-ulmer.com\/boutique\/wp-json\/wp\/v2\/media?parent=3419"}],"wp:term":[{"taxonomy":"product_brand","embeddable":true,"href":"https:\/\/www.violaine-ulmer.com\/boutique\/wp-json\/wp\/v2\/product_brand?post=3419"},{"taxonomy":"product_cat","embeddable":true,"href":"https:\/\/www.violaine-ulmer.com\/boutique\/wp-json\/wp\/v2\/product_cat?post=3419"},{"taxonomy":"product_tag","embeddable":true,"href":"https:\/\/www.violaine-ulmer.com\/boutique\/wp-json\/wp\/v2\/product_tag?post=3419"}],"curies":[{"name":"wp","href":"https:\/\/api.w.org\/{rel}","templated":true}]}}