{"id":3407,"date":"2016-11-05T09:45:21","date_gmt":"2016-11-05T08:45:21","guid":{"rendered":"http:\/\/www.violaine-ulmer.com\/boutique\/?post_type=product&#038;p=3407"},"modified":"2025-11-05T18:00:29","modified_gmt":"2025-11-05T17:00:29","slug":"appeleurs-d-anges","status":"publish","type":"product","link":"https:\/\/www.violaine-ulmer.com\/boutique\/produit\/appeleurs-d-anges\/","title":{"rendered":"Appeleurs d&rsquo;Anges"},"content":{"rendered":"<p>Bague compos\u00e9e de 14 anneaux non reli\u00e9s en argent massif. Existe en 3 tailles (SML).<br \/>\nLivr\u00e9s dans leur emballage \u00ab\u00a0pilule\u00a0\u00bb avec la l\u00e9gende qui les a fait na\u00eetre.<\/p>\n","protected":false},"excerpt":{"rendered":"<p>Bague compos\u00e9e de 14 anneaux non reli\u00e9s en argent massif. Existe en 3 tailles (SML). Livr\u00e9s dans leur emballage \u00ab\u00a0pilule\u00a0\u00bb avec la l\u00e9gende qui les a fait na\u00eetre.<\/p>\n","protected":false},"featured_media":3362,"template":"","meta":{"_acf_changed":false},"product_brand":[],"product_cat":[59],"product_tag":[132],"class_list":{"0":"post-3407","1":"product","2":"type-product","3":"status-publish","4":"has-post-thumbnail","6":"product_cat-bagues","7":"product_tag-argent","9":"first","10":"instock","11":"shipping-taxable","12":"purchasable","13":"product-type-variable","15":"catalog-layout-full-bg","16":"columns-xs-1"},"acf":[],"_links":{"self":[{"href":"https:\/\/www.violaine-ulmer.com\/boutique\/wp-json\/wp\/v2\/product\/3407","targetHints":{"allow":["GET"]}}],"collection":[{"href":"https:\/\/www.violaine-ulmer.com\/boutique\/wp-json\/wp\/v2\/product"}],"about":[{"href":"https:\/\/www.violaine-ulmer.com\/boutique\/wp-json\/wp\/v2\/types\/product"}],"wp:featuredmedia":[{"embeddable":true,"href":"https:\/\/www.violaine-ulmer.com\/boutique\/wp-json\/wp\/v2\/media\/3362"}],"wp:attachment":[{"href":"https:\/\/www.violaine-ulmer.com\/boutique\/wp-json\/wp\/v2\/media?parent=3407"}],"wp:term":[{"taxonomy":"product_brand","embeddable":true,"href":"https:\/\/www.violaine-ulmer.com\/boutique\/wp-json\/wp\/v2\/product_brand?post=3407"},{"taxonomy":"product_cat","embeddable":true,"href":"https:\/\/www.violaine-ulmer.com\/boutique\/wp-json\/wp\/v2\/product_cat?post=3407"},{"taxonomy":"product_tag","embeddable":true,"href":"https:\/\/www.violaine-ulmer.com\/boutique\/wp-json\/wp\/v2\/product_tag?post=3407"}],"curies":[{"name":"wp","href":"https:\/\/api.w.org\/{rel}","templated":true}]}}