{"id":7135,"date":"2021-03-02T17:30:16","date_gmt":"2021-03-02T16:30:16","guid":{"rendered":"https:\/\/www.violaine-ulmer.com\/boutique\/?page_id=7135"},"modified":"2021-09-18T09:31:31","modified_gmt":"2021-09-18T08:31:31","slug":"chevalieres-porcelaine-blanc-noires","status":"publish","type":"page","link":"https:\/\/www.violaine-ulmer.com\/boutique\/chevalieres-porcelaine-blanc-noires\/","title":{"rendered":"Chevali\u00e8res porcelaine blanc &#8211; noir"},"content":{"rendered":"<div class=\"wpb-content-wrapper\"><p>[vc_row][vc_column][vc_column_text]<\/p>\n<h1>Chevali\u00e8res en porcelaine<\/h1>\n<p>Toutes les chevali\u00e8res ci-dessous sont des pi\u00e8ces uniques.<\/p>\n<p>En vous baladant sur chaque photo de chevali\u00e8re, vous verrez son num\u00e9ro de r\u00e9f\u00e9rence et sa taille.<\/p>\n<p>Vous pouvez chercher toutes les bagues d\u2019une m\u00eame taille en cliquant en haut \u00e0 droite sur le menu \u00ab par taille \u00bb.<\/p>\n<p>Chaque photo peut \u00eatre agrandie, et il y a plusieurs vues d\u2019une m\u00eame pi\u00e8ce.<\/p>\n<p>Le nombre de r\u00e9f\u00e9rence ne permet pas l\u2019achat direct des chevali\u00e8res directement sur la boutique\u00a0; si vous souhaitez acqu\u00e9rir une chevali\u00e8re, rep\u00e9rer sa r\u00e9f\u00e9rence, et contactez-nous par mail ou t\u00e9l\u00e9phone.<\/p>\n<p>(pour les tailles, se r\u00e9f\u00e9rer \u00e0 l\u2019article suivant : <a href=\"https:\/\/www.violaine-ulmer.com\/questions-reponses\/taille-de-doigt\/\"><u>www.violaine-ulmer.com\/questions-reponses\/taille-de-doigt\/<\/u><\/a>)[\/vc_column_text][\/vc_column][\/vc_row]<\/p>\n<\/div>","protected":false},"excerpt":{"rendered":"<p>[vc_row][vc_column][vc_column_text] Chevali\u00e8res en porcelaine Toutes les chevali\u00e8res ci-dessous sont des pi\u00e8ces uniques. En vous baladant sur chaque photo de chevali\u00e8re, vous verrez son num\u00e9ro de r\u00e9f\u00e9rence et sa taille. Vous pouvez chercher toutes les bagues d\u2019une m\u00eame taille en cliquant en haut \u00e0 droite sur le menu \u00ab par taille \u00bb. Chaque photo peut \u00eatre&hellip;<\/p>\n","protected":false},"author":1,"featured_media":0,"parent":0,"menu_order":0,"comment_status":"closed","ping_status":"closed","template":"pieces-sku-type-noprice.php","meta":{"_acf_changed":false,"footnotes":""},"class_list":["post-7135","page","type-page","status-publish","hentry"],"acf":[],"_links":{"self":[{"href":"https:\/\/www.violaine-ulmer.com\/boutique\/wp-json\/wp\/v2\/pages\/7135","targetHints":{"allow":["GET"]}}],"collection":[{"href":"https:\/\/www.violaine-ulmer.com\/boutique\/wp-json\/wp\/v2\/pages"}],"about":[{"href":"https:\/\/www.violaine-ulmer.com\/boutique\/wp-json\/wp\/v2\/types\/page"}],"author":[{"embeddable":true,"href":"https:\/\/www.violaine-ulmer.com\/boutique\/wp-json\/wp\/v2\/users\/1"}],"replies":[{"embeddable":true,"href":"https:\/\/www.violaine-ulmer.com\/boutique\/wp-json\/wp\/v2\/comments?post=7135"}],"version-history":[{"count":0,"href":"https:\/\/www.violaine-ulmer.com\/boutique\/wp-json\/wp\/v2\/pages\/7135\/revisions"}],"wp:attachment":[{"href":"https:\/\/www.violaine-ulmer.com\/boutique\/wp-json\/wp\/v2\/media?parent=7135"}],"curies":[{"name":"wp","href":"https:\/\/api.w.org\/{rel}","templated":true}]}}