{"id":3358,"date":"2016-11-03T14:18:56","date_gmt":"2016-11-03T13:18:56","guid":{"rendered":"http:\/\/www.violaine-ulmer.com\/boutique\/panier\/"},"modified":"2022-02-01T18:28:31","modified_gmt":"2022-02-01T17:28:31","slug":"panier","status":"publish","type":"page","link":"https:\/\/www.violaine-ulmer.com\/boutique\/panier\/","title":{"rendered":"Panier"},"content":{"rendered":"<div class=\"wpb-content-wrapper\"><p>[vc_row][vc_column width=\u00a0\u00bb1\/4&Prime;][\/vc_column][vc_column width=\u00a0\u00bb3\/4&Prime;][vc_column_text]<\/p>\n<blockquote><p><span style=\"color: #ff6600;\"><strong><em>Les frais de livraison sont offerts \u00e0 partir de 80 euros de commande. Pour toute commande inf\u00e9rieure \u00e0 80 euros, ils s\u2019\u00e9l\u00e8vent \u00e0 5 Euro pour la France et \u00e0 10 Euro pour l&rsquo;Europe.<br \/>\n<\/em><\/strong><\/span><\/p><\/blockquote>\n<hr \/>\n<p>[\/vc_column_text][\/vc_column][\/vc_row][vc_row][vc_column][vc_column_text][\/vc_column_text][\/vc_column][\/vc_row]<\/p>\n<\/div>","protected":false},"excerpt":{"rendered":"<p>[vc_row][vc_column width=\u00a0\u00bb1\/4&Prime;][\/vc_column][vc_column width=\u00a0\u00bb3\/4&Prime;][vc_column_text] Les frais de livraison sont offerts \u00e0 partir de 80 euros de commande. Pour toute commande inf\u00e9rieure \u00e0 80 euros, ils s\u2019\u00e9l\u00e8vent \u00e0 5 Euro pour la France et \u00e0 10 Euro pour l&rsquo;Europe. [\/vc_column_text][\/vc_column][\/vc_row][vc_row][vc_column][vc_column_text][\/vc_column_text][\/vc_column][\/vc_row]<\/p>\n","protected":false},"author":1,"featured_media":0,"parent":0,"menu_order":0,"comment_status":"closed","ping_status":"closed","template":"","meta":{"_acf_changed":false,"footnotes":""},"class_list":["post-3358","page","type-page","status-publish","hentry"],"acf":[],"_links":{"self":[{"href":"https:\/\/www.violaine-ulmer.com\/boutique\/wp-json\/wp\/v2\/pages\/3358","targetHints":{"allow":["GET"]}}],"collection":[{"href":"https:\/\/www.violaine-ulmer.com\/boutique\/wp-json\/wp\/v2\/pages"}],"about":[{"href":"https:\/\/www.violaine-ulmer.com\/boutique\/wp-json\/wp\/v2\/types\/page"}],"author":[{"embeddable":true,"href":"https:\/\/www.violaine-ulmer.com\/boutique\/wp-json\/wp\/v2\/users\/1"}],"replies":[{"embeddable":true,"href":"https:\/\/www.violaine-ulmer.com\/boutique\/wp-json\/wp\/v2\/comments?post=3358"}],"version-history":[{"count":0,"href":"https:\/\/www.violaine-ulmer.com\/boutique\/wp-json\/wp\/v2\/pages\/3358\/revisions"}],"wp:attachment":[{"href":"https:\/\/www.violaine-ulmer.com\/boutique\/wp-json\/wp\/v2\/media?parent=3358"}],"curies":[{"name":"wp","href":"https:\/\/api.w.org\/{rel}","templated":true}]}}